{"id":170,"date":"2023-11-18T17:24:24","date_gmt":"2023-11-18T14:24:24","guid":{"rendered":"https:\/\/alpincorap.com.tr\/?page_id=170"},"modified":"2023-11-18T17:27:22","modified_gmt":"2023-11-18T14:27:22","slug":"ayrimcilik-rusvet-ve-tacizi-engelleme-politikasi","status":"publish","type":"page","link":"https:\/\/alpincorap.com.tr\/index.php\/ayrimcilik-rusvet-ve-tacizi-engelleme-politikasi\/","title":{"rendered":"Ayr\u0131mc\u0131l\u0131k, R\u00fc\u015fvet ve Tacizi Engelleme Politikas\u0131"},"content":{"rendered":"","protected":false},"excerpt":{"rendered":"","protected":false},"author":1,"featured_media":0,"parent":0,"menu_order":0,"comment_status":"closed","ping_status":"closed","template":"","meta":{"footnotes":""},"_links":{"self":[{"href":"https:\/\/alpincorap.com.tr\/index.php\/wp-json\/wp\/v2\/pages\/170"}],"collection":[{"href":"https:\/\/alpincorap.com.tr\/index.php\/wp-json\/wp\/v2\/pages"}],"about":[{"href":"https:\/\/alpincorap.com.tr\/index.php\/wp-json\/wp\/v2\/types\/page"}],"author":[{"embeddable":true,"href":"https:\/\/alpincorap.com.tr\/index.php\/wp-json\/wp\/v2\/users\/1"}],"replies":[{"embeddable":true,"href":"https:\/\/alpincorap.com.tr\/index.php\/wp-json\/wp\/v2\/comments?post=170"}],"version-history":[{"count":1,"href":"https:\/\/alpincorap.com.tr\/index.php\/wp-json\/wp\/v2\/pages\/170\/revisions"}],"predecessor-version":[{"id":171,"href":"https:\/\/alpincorap.com.tr\/index.php\/wp-json\/wp\/v2\/pages\/170\/revisions\/171"}],"wp:attachment":[{"href":"https:\/\/alpincorap.com.tr\/index.php\/wp-json\/wp\/v2\/media?parent=170"}],"curies":[{"name":"wp","href":"https:\/\/api.w.org\/{rel}","templated":true}]}}