{"id":175,"date":"2023-11-18T17:44:31","date_gmt":"2023-11-18T14:44:31","guid":{"rendered":"https:\/\/alpincorap.com.tr\/?page_id=175"},"modified":"2023-11-18T17:47:37","modified_gmt":"2023-11-18T14:47:37","slug":"sosyal-sorumluluk-ve-etik-ise-alim-politikamiz","status":"publish","type":"page","link":"https:\/\/alpincorap.com.tr\/index.php\/sosyal-sorumluluk-ve-etik-ise-alim-politikamiz\/","title":{"rendered":"Sosyal Sorumluluk ve Etik \u0130\u015fe Al\u0131m Politikam\u0131z"},"content":{"rendered":"","protected":false},"excerpt":{"rendered":"","protected":false},"author":1,"featured_media":0,"parent":0,"menu_order":0,"comment_status":"closed","ping_status":"closed","template":"","meta":{"footnotes":""},"_links":{"self":[{"href":"https:\/\/alpincorap.com.tr\/index.php\/wp-json\/wp\/v2\/pages\/175"}],"collection":[{"href":"https:\/\/alpincorap.com.tr\/index.php\/wp-json\/wp\/v2\/pages"}],"about":[{"href":"https:\/\/alpincorap.com.tr\/index.php\/wp-json\/wp\/v2\/types\/page"}],"author":[{"embeddable":true,"href":"https:\/\/alpincorap.com.tr\/index.php\/wp-json\/wp\/v2\/users\/1"}],"replies":[{"embeddable":true,"href":"https:\/\/alpincorap.com.tr\/index.php\/wp-json\/wp\/v2\/comments?post=175"}],"version-history":[{"count":1,"href":"https:\/\/alpincorap.com.tr\/index.php\/wp-json\/wp\/v2\/pages\/175\/revisions"}],"predecessor-version":[{"id":176,"href":"https:\/\/alpincorap.com.tr\/index.php\/wp-json\/wp\/v2\/pages\/175\/revisions\/176"}],"wp:attachment":[{"href":"https:\/\/alpincorap.com.tr\/index.php\/wp-json\/wp\/v2\/media?parent=175"}],"curies":[{"name":"wp","href":"https:\/\/api.w.org\/{rel}","templated":true}]}}