{"id":186,"date":"2023-11-18T19:57:31","date_gmt":"2023-11-18T16:57:31","guid":{"rendered":"https:\/\/alpincorap.com.tr\/?page_id=186"},"modified":"2023-11-18T20:01:16","modified_gmt":"2023-11-18T17:01:16","slug":"firsat-esitligi-politikamiz","status":"publish","type":"page","link":"https:\/\/alpincorap.com.tr\/index.php\/firsat-esitligi-politikamiz\/","title":{"rendered":"F\u0131rsat E\u015fitli\u011fi Politikam\u0131z"},"content":{"rendered":"","protected":false},"excerpt":{"rendered":"","protected":false},"author":1,"featured_media":0,"parent":0,"menu_order":0,"comment_status":"closed","ping_status":"closed","template":"","meta":{"footnotes":""},"_links":{"self":[{"href":"https:\/\/alpincorap.com.tr\/index.php\/wp-json\/wp\/v2\/pages\/186"}],"collection":[{"href":"https:\/\/alpincorap.com.tr\/index.php\/wp-json\/wp\/v2\/pages"}],"about":[{"href":"https:\/\/alpincorap.com.tr\/index.php\/wp-json\/wp\/v2\/types\/page"}],"author":[{"embeddable":true,"href":"https:\/\/alpincorap.com.tr\/index.php\/wp-json\/wp\/v2\/users\/1"}],"replies":[{"embeddable":true,"href":"https:\/\/alpincorap.com.tr\/index.php\/wp-json\/wp\/v2\/comments?post=186"}],"version-history":[{"count":1,"href":"https:\/\/alpincorap.com.tr\/index.php\/wp-json\/wp\/v2\/pages\/186\/revisions"}],"predecessor-version":[{"id":187,"href":"https:\/\/alpincorap.com.tr\/index.php\/wp-json\/wp\/v2\/pages\/186\/revisions\/187"}],"wp:attachment":[{"href":"https:\/\/alpincorap.com.tr\/index.php\/wp-json\/wp\/v2\/media?parent=186"}],"curies":[{"name":"wp","href":"https:\/\/api.w.org\/{rel}","templated":true}]}}